{"id":11,"date":"2017-08-02T21:17:19","date_gmt":"2017-08-02T19:17:19","guid":{"rendered":"http:\/\/www.cvjm-ofterdingen.de\/cvjm_wp\/?page_id=11"},"modified":"2023-04-19T17:19:22","modified_gmt":"2023-04-19T15:19:22","slug":"impressum","status":"publish","type":"page","link":"https:\/\/www.cvjm-ofterdingen.de\/wp01\/impressum\/","title":{"rendered":"Impressum"},"content":{"rendered":"<p>CVJM Ofterdingen e.V.<br \/>\nZollernstra\u00dfe 9<br \/>\n72131 Ofterdingen<br \/>\nTelefon: 07473\/951494<br \/>\nE-Mail: <a href=\"mailto:kontakt@cvjm-ofterdingen.de\">kontakt@cvjm-ofterdingen.de<\/a><br \/>\nInternet: <a href=\"https:\/\/www.cvjm-ofterdingen.de\">www.cvjm-ofterdingen.de<\/a><\/p>\n<p>Vertretungsberechtigter Vorstand: Christine Birkenmaier, Ulrike Schweizer<br \/>\nRegistriergericht: Amtsgericht T\u00fcbingen<br \/>\nRegistriernummer: VR784<\/p>\n<p><u>Bankverbindung:<\/u><br \/>\nIBAN: DE51 6039 1310 0553 5520 15<br \/>\nVolksbank in der Region eG<\/p>\n<p><u>Haftungshinweis &amp; Urheberrecht:<\/u><br \/>\nTrotz sorgf\u00e4ltiger inhaltlicher Kontrolle \u00fcbernehmen wir keine Haftung f\u00fcr die Inhalte externer Links.<br \/>\nF\u00fcr den Inhalt der verlinkten Seiten sind ausschlie\u00dflich deren Betreiber verantwortlich. Ohne ausdr\u00fcckliche Genehmigung d\u00fcrfen keine Bilder oder andere Inhalte dieser Webseite weitergegeben oder anderweitig ver\u00f6ffentlicht werden.<\/p>\n","protected":false},"excerpt":{"rendered":"<p>CVJM Ofterdingen e.V. Zollernstra\u00dfe 9 72131 Ofterdingen Telefon: 07473\/951494 E-Mail: kontakt@cvjm-ofterdingen.de Internet: www.cvjm-ofterdingen.de Vertretungsberechtigter Vorstand: Christine Birkenmaier, Ulrike Schweizer Registriergericht: Amtsgericht T\u00fcbingen Registriernummer: VR784 Bankverbindung: IBAN: DE51 6039 1310 0553 5520 15 Volksbank in der Region eG Haftungshinweis &amp; Urheberrecht: &hellip; <a href=\"https:\/\/www.cvjm-ofterdingen.de\/wp01\/impressum\/\">Weiterlesen <span class=\"meta-nav\">&rarr;<\/span><\/a><\/p>\n","protected":false},"author":1,"featured_media":0,"parent":0,"menu_order":0,"comment_status":"closed","ping_status":"closed","template":"","meta":{"footnotes":""},"class_list":["post-11","page","type-page","status-publish","hentry"],"_links":{"self":[{"href":"https:\/\/www.cvjm-ofterdingen.de\/wp01\/wp-json\/wp\/v2\/pages\/11","targetHints":{"allow":["GET"]}}],"collection":[{"href":"https:\/\/www.cvjm-ofterdingen.de\/wp01\/wp-json\/wp\/v2\/pages"}],"about":[{"href":"https:\/\/www.cvjm-ofterdingen.de\/wp01\/wp-json\/wp\/v2\/types\/page"}],"author":[{"embeddable":true,"href":"https:\/\/www.cvjm-ofterdingen.de\/wp01\/wp-json\/wp\/v2\/users\/1"}],"replies":[{"embeddable":true,"href":"https:\/\/www.cvjm-ofterdingen.de\/wp01\/wp-json\/wp\/v2\/comments?post=11"}],"version-history":[{"count":4,"href":"https:\/\/www.cvjm-ofterdingen.de\/wp01\/wp-json\/wp\/v2\/pages\/11\/revisions"}],"predecessor-version":[{"id":2103,"href":"https:\/\/www.cvjm-ofterdingen.de\/wp01\/wp-json\/wp\/v2\/pages\/11\/revisions\/2103"}],"wp:attachment":[{"href":"https:\/\/www.cvjm-ofterdingen.de\/wp01\/wp-json\/wp\/v2\/media?parent=11"}],"curies":[{"name":"wp","href":"https:\/\/api.w.org\/{rel}","templated":true}]}}